{"id":17,"date":"2021-03-20T08:45:42","date_gmt":"2021-03-20T07:45:42","guid":{"rendered":"https:\/\/www.rolfterapielitvinov.cz\/?page_id=17"},"modified":"2024-09-28T15:39:24","modified_gmt":"2024-09-28T13:39:24","slug":"kontakt","status":"publish","type":"page","link":"https:\/\/www.rolfterapielitvinov.cz\/index.php\/kontakt\/","title":{"rendered":"Kontakt"},"content":{"rendered":"\n<p>Ing. Andrea Korunkov\u00e1<\/p>\n\n\n\n<p><strong>Telefon<\/strong><\/p>\n\n\n\n<p>+420608445433<\/p>\n\n\n\n<p><strong>Adresa provozovny:<\/strong><\/p>\n\n\n\n<p>Litv\u00ednov, ul. Rooseveltova 363<\/p>\n\n\n\n<p>Objedn\u00e1vky ide\u00e1ln\u011b p\u0159es telefon, pokud je nedostupn\u00fd nebo hovory nep\u0159ij\u00edm\u00e1m, s nejv\u011bt\u0161\u00ed pravd\u011bpodobnost\u00ed zrovna pracuji. Zkuste to tedy pozd\u011bji \ud83d\ude42     <\/p>\n\n\n\n<p class=\"has-vivid-purple-color has-text-color\">                               <\/p>\n\n\n\n<p class=\"has-black-color has-light-green-cyan-background-color has-text-color has-background\">Va\u0161e dotazy nebo p\u0159ipom\u00ednky pi\u0161te pros\u00edm na adresu<strong> korunkovaandrea<\/strong>\/zavin\u00e1\u010d\/<strong>seznam.cz<\/strong><\/p>\n\n\n\n<div class=\"wp-block-group\"><div class=\"wp-block-group__inner-container\">\n<figure class=\"wp-block-gallery columns-2 is-cropped\"><ul class=\"blocks-gallery-grid\"><li class=\"blocks-gallery-item\"><figure><img loading=\"lazy\" width=\"750\" height=\"1000\" src=\"https:\/\/www.rolfterapielitvinov.cz\/wp-content\/uploads\/2021\/04\/IMG_20210322_161732_1.jpg\" alt=\"\" data-id=\"118\" class=\"wp-image-118\"\/><\/figure><\/li><li class=\"blocks-gallery-item\"><figure><img loading=\"lazy\" width=\"1000\" height=\"1780\" src=\"https:\/\/www.rolfterapielitvinov.cz\/wp-content\/uploads\/2021\/04\/IMG_2700_zk-2.jpg\" alt=\"\" data-id=\"124\" data-link=\"https:\/\/www.rolfterapielitvinov.cz\/index.php\/kontakt\/img_2700_zk-2\/\" class=\"wp-image-124\"\/><\/figure><\/li><\/ul><figcaption class=\"blocks-gallery-caption\">Kraniosakr\u00e1ln\u00ed osteopatie<\/figcaption><\/figure>\n\n\n\n<p><\/p>\n\n\n\n<figure class=\"wp-block-gallery columns-2 is-cropped\"><ul class=\"blocks-gallery-grid\"><li class=\"blocks-gallery-item\"><figure><img loading=\"lazy\" width=\"1000\" height=\"562\" src=\"https:\/\/www.rolfterapielitvinov.cz\/wp-content\/uploads\/2021\/04\/IMG_2721_mojezk.jpg\" alt=\"\" data-id=\"115\" data-link=\"https:\/\/www.rolfterapielitvinov.cz\/index.php\/kontakt\/img_2721_mojezk\/\" class=\"wp-image-115\"\/><\/figure><\/li><li class=\"blocks-gallery-item\"><figure><img loading=\"lazy\" width=\"750\" height=\"1000\" src=\"https:\/\/www.rolfterapielitvinov.cz\/wp-content\/uploads\/2021\/04\/IMG_20210322_163524_1.jpg\" alt=\"\" data-id=\"125\" data-link=\"https:\/\/www.rolfterapielitvinov.cz\/index.php\/kontakt\/img_20210322_163524_1\/\" class=\"wp-image-125\"\/><\/figure><\/li><\/ul><figcaption class=\"blocks-gallery-caption\">Struktur\u00e1ln\u00ed integrace<\/figcaption><\/figure>\n\n\n\n<p><\/p>\n\n\n\n<p><\/p>\n\n\n\n<p>Skv\u011bl\u00e1 parodie na rolfing z filmu Semi-tough z roku 1977. Doporu\u010duji shl\u00e9dnout jen t\u011bm, kte\u0159\u00ed u\u017e rolfterapi\u00ed pro\u0161li \ud83d\ude42<\/p>\n<\/div><\/div>\n\n\n\n<figure class=\"wp-block-embed is-type-video is-provider-youtube wp-block-embed-youtube wp-embed-aspect-4-3 wp-has-aspect-ratio\"><div class=\"wp-block-embed__wrapper\">\n<iframe loading=\"lazy\" title=\"Pelfing - the Structural Integration parody\" width=\"1170\" height=\"878\" src=\"https:\/\/www.youtube.com\/embed\/2hdQNIHbqMQ?feature=oembed\" frameborder=\"0\" allow=\"accelerometer; autoplay; clipboard-write; encrypted-media; gyroscope; picture-in-picture; web-share\" referrerpolicy=\"strict-origin-when-cross-origin\" allowfullscreen><\/iframe>\n<\/div><\/figure>\n","protected":false},"excerpt":{"rendered":"<p>Ing. Andrea Korunkov\u00e1 Telefon +420608445433 Adresa provozovny: Litv\u00ednov, ul. Rooseveltova 363 Objedn\u00e1vky ide\u00e1ln\u011b p\u0159es telefon, pokud je nedostupn\u00fd nebo hovory nep\u0159ij\u00edm\u00e1m, s nejv\u011bt\u0161\u00ed pravd\u011bpodobnost\u00ed zrovna pracuji. Zkuste to tedy pozd\u011bji \ud83d\ude42 Va\u0161e dotazy nebo p\u0159ipom\u00ednky pi\u0161te pros\u00edm na adresu korunkovaandrea\/zavin\u00e1\u010d\/seznam.cz<\/p>\n","protected":false},"author":1,"featured_media":0,"parent":0,"menu_order":0,"comment_status":"closed","ping_status":"closed","template":"","meta":[],"_links":{"self":[{"href":"https:\/\/www.rolfterapielitvinov.cz\/index.php\/wp-json\/wp\/v2\/pages\/17"}],"collection":[{"href":"https:\/\/www.rolfterapielitvinov.cz\/index.php\/wp-json\/wp\/v2\/pages"}],"about":[{"href":"https:\/\/www.rolfterapielitvinov.cz\/index.php\/wp-json\/wp\/v2\/types\/page"}],"author":[{"embeddable":true,"href":"https:\/\/www.rolfterapielitvinov.cz\/index.php\/wp-json\/wp\/v2\/users\/1"}],"replies":[{"embeddable":true,"href":"https:\/\/www.rolfterapielitvinov.cz\/index.php\/wp-json\/wp\/v2\/comments?post=17"}],"version-history":[{"count":13,"href":"https:\/\/www.rolfterapielitvinov.cz\/index.php\/wp-json\/wp\/v2\/pages\/17\/revisions"}],"predecessor-version":[{"id":176,"href":"https:\/\/www.rolfterapielitvinov.cz\/index.php\/wp-json\/wp\/v2\/pages\/17\/revisions\/176"}],"wp:attachment":[{"href":"https:\/\/www.rolfterapielitvinov.cz\/index.php\/wp-json\/wp\/v2\/media?parent=17"}],"curies":[{"name":"wp","href":"https:\/\/api.w.org\/{rel}","templated":true}]}}