{"id":16,"date":"2021-03-20T08:45:42","date_gmt":"2021-03-20T07:45:42","guid":{"rendered":"https:\/\/www.rolfterapielitvinov.cz\/?page_id=16"},"modified":"2025-09-24T09:44:09","modified_gmt":"2025-09-24T07:44:09","slug":"muj-pribeh","status":"publish","type":"page","link":"https:\/\/www.rolfterapielitvinov.cz\/index.php\/muj-pribeh\/","title":{"rendered":"M\u016fj p\u0159\u00edb\u011bh"},"content":{"rendered":"\t\t<div data-elementor-type=\"wp-page\" data-elementor-id=\"16\" class=\"elementor elementor-16\" data-elementor-settings=\"[]\">\n\t\t\t\t\t\t<div class=\"elementor-inner\">\n\t\t\t\t\t\t\t<div class=\"elementor-section-wrap\">\n\t\t\t\t\t\t\t<section class=\"elementor-section elementor-top-section elementor-element elementor-element-751b2fee elementor-section-boxed elementor-section-height-default elementor-section-height-default\" data-id=\"751b2fee\" data-element_type=\"section\">\n\t\t\t\t\t\t<div class=\"elementor-container elementor-column-gap-default\">\n\t\t\t\t\t\t\t<div class=\"elementor-row\">\n\t\t\t\t\t<div class=\"elementor-column elementor-col-100 elementor-top-column elementor-element elementor-element-3ef568fe\" data-id=\"3ef568fe\" data-element_type=\"column\">\n\t\t\t<div class=\"elementor-column-wrap elementor-element-populated\">\n\t\t\t\t\t\t\t<div class=\"elementor-widget-wrap\">\n\t\t\t\t\t\t<div class=\"elementor-element elementor-element-422eb320 elementor-widget elementor-widget-text-editor\" data-id=\"422eb320\" data-element_type=\"widget\" data-widget_type=\"text-editor.default\">\n\t\t\t\t<div class=\"elementor-widget-container\">\n\t\t\t\t\t<div class=\"elementor-text-editor elementor-clearfix\"><p><!-- wp:paragraph --><\/p>\n<p><strong>Jako slep\u00e1 k housl\u00edm.<\/strong><\/p>\n<p><!-- \/wp:paragraph --><\/p>\n<p><!-- wp:paragraph --><\/p>\n<p><!-- \/wp:paragraph --><\/p>\n<p><!-- wp:paragraph --><\/p>\n<p>Kdy\u017e moje dcera p\u0159i\u0161la na sv\u011bt, ten sv\u011bt se mi zhroutil. S t\u00edm mal\u00fdm velk\u00fdm miminkem jsme se n\u011bjak nedok\u00e1zali dohodnout, kdy a jak&#8230; N\u00e1sledkem komplikovan\u00e9ho porodu byla obrna prav\u00e9 ruky. Jak\u00e9 ne\u0161t\u011bst\u00ed pro n\u011bkoho, kdo v cel\u00e9m \u0161irok\u00e9m okol\u00ed neznal nikoho s vrozenou vadou! Nev\u011bd\u011bla jsem ani, co to je Vojtova metoda. \u010casem jsem se dok\u00e1zala sm\u00ed\u0159it s p\u0159edstavou, \u017ee m\u00e1me d\u00edt\u011b s hendikepem. Za\u010dala jsem si uv\u011bdomovat, \u017ee jsme m\u011bli \u0161t\u011bst\u00ed, \u017ee se jedn\u00e1 jen o ruku. Ale ne nadlouho. Chov\u00e1n\u00ed dcery se po roce zm\u011bnilo a n\u00e1m nastala nov\u00e1 etapa hled\u00e1n\u00ed p\u0159\u00ed\u010diny. Na\u0161la se ve t\u0159ech letech, kdy\u017e genetick\u00e9 vy\u0161et\u0159en\u00ed prok\u00e1zalo, \u017ee u dcery se vyskytla mutace genu, kterou maj\u00ed jenom hol\u010di\u010dky. Z\u00edskali jsme dal\u0161\u00ed diagnozu a tentokr\u00e1t z kategorie vz\u00e1cn\u00fdch onemocn\u011bn\u00ed s n\u00e1zvem Rett\u016fv syndrom. Jak dcera rostla, zm\u011bnila se i neurologick\u00e1 dgn. U\u017e jsme nem\u011bli obrnu ruky. U\u017e to nebyla periferie. Od ur\u010dit\u00e9ho okam\u017eiku bylo st\u00e1le jasn\u011bj\u0161\u00ed, \u017ee porucha je centr\u00e1ln\u00ed &#8211; hemipar\u00e9za. V\u00fdvojem p\u0159ib\u00fdvaj\u00ed dal\u0161\u00ed komplikace. <\/p>\n<p><!-- \/wp:paragraph --><\/p>\n<p><!-- wp:paragraph --><\/p>\n<p>Dnes je Toni\u010dce 18 let. Za celou dobu jej\u00edho \u017eivota jsme se sna\u017eili v\u0161emo\u017en\u011b j\u00ed pomoci k lep\u0161\u00edmu stavu. D\u00edky tomu jsem se dostala k b\u00e1je\u010dn\u00fdm terapi\u00edm, kter\u00e9 jsem se nau\u010dila. Rolfterapie pom\u00e1h\u00e1 dce\u0159i uvol\u0148ovat nap\u011bt\u00ed v tk\u00e1ni, pou\u017e\u00edvat l\u00e9pe a c\u00edlen\u011b svaly k pohybu (kde to jen jde). Kranio terapie j\u00ed pom\u00e1h\u00e1 udr\u017eet se v klidu v situac\u00edch, kde by jinak &#8222;vyp\u011bnila&#8220;. Pom\u00e1h\u00e1 j\u00ed zvl\u00e1dat v\u00edce b\u011b\u017en\u00fdch \u017eivotn\u00edch situac\u00ed.<\/p>\n<p><!-- \/wp:paragraph --><\/p>\n<p><!-- wp:paragraph --><\/p>\n<p>B\u011bhem v\u00edcelet\u00e9ho v\u00fdcviku jsem x kr\u00e1t na sob\u011b vyzkou\u0161ela \u00fa\u010dinky obou m\u00fdch hlavn\u00edch terapi\u00ed. Vz\u00e1jemn\u011b se skv\u011ble dopl\u0148uj\u00ed. Ob\u011b pracuj\u00ed na fyzick\u00e9 \u00farovni, p\u0159itom s vysokou kvalitou zasahuj\u00ed i do psychick\u00e9 slo\u017eky. M\u00fdm mottem spole\u010dn\u00fdm pro moje terapie je: V\u0161e je v procesu. Nic nen\u00ed st\u00e1l\u00e9. <\/p>\n<p><!-- \/wp:paragraph --><\/p>\n<p><!-- wp:gallery {\"ids\":[128,127],\"linkTo\":\"none\"} --><\/p>\n<figure class=\"wp-block-gallery columns-2 is-cropped\">\n<ul class=\"blocks-gallery-grid\">\n<li class=\"blocks-gallery-item\">\n<figure><img loading=\"lazy\" width=\"1536\" height=\"1536\" src=\"https:\/\/www.rolfterapielitvinov.cz\/wp-content\/uploads\/2021\/04\/IMG_1164.jpg\" alt=\"\" data-id=\"128\" data-link=\"https:\/\/www.rolfterapielitvinov.cz\/index.php\/muj-pribeh\/img_1164\/\" class=\"wp-image-128\"><\/figure>\n<\/li>\n<li class=\"blocks-gallery-item\">\n<figure><img loading=\"lazy\" width=\"750\" height=\"1000\" src=\"https:\/\/www.rolfterapielitvinov.cz\/wp-content\/uploads\/2021\/04\/IMG_20210325_142518_1.jpg\" alt=\"\" data-id=\"127\" data-link=\"https:\/\/www.rolfterapielitvinov.cz\/index.php\/muj-pribeh\/img_20210325_142518_1\/\" class=\"wp-image-127\"><\/figure>\n<\/li>\n<\/ul>\n<\/figure>\n<p><!-- \/wp:gallery --><\/p>\n<p><!-- wp:gallery {\"ids\":[129],\"linkTo\":\"none\"} --><\/p>\n<figure class=\"wp-block-gallery columns-1 is-cropped\">\n<ul class=\"blocks-gallery-grid\">\n<li class=\"blocks-gallery-item\">\n<figure><img loading=\"lazy\" width=\"746\" height=\"1000\" src=\"https:\/\/www.rolfterapielitvinov.cz\/wp-content\/uploads\/2021\/04\/received_503386330827637.jpeg\" alt=\"\" data-id=\"129\" data-link=\"https:\/\/www.rolfterapielitvinov.cz\/index.php\/muj-pribeh\/received_503386330827637\/\" class=\"wp-image-129\"><\/figure>\n<\/li>\n<\/ul>\n<\/figure>\n<p><!-- \/wp:gallery --><\/p><\/div>\n\t\t\t\t<\/div>\n\t\t\t\t<\/div>\n\t\t\t\t\t\t<\/div>\n\t\t\t\t\t<\/div>\n\t\t<\/div>\n\t\t\t\t\t\t\t\t<\/div>\n\t\t\t\t\t<\/div>\n\t\t<\/section>\n\t\t\t\t\t\t<\/div>\n\t\t\t\t\t\t<\/div>\n\t\t\t\t\t<\/div>\n\t\t","protected":false},"excerpt":{"rendered":"<p>Jako slep\u00e1 k housl\u00edm. Kdy\u017e moje dcera p\u0159i\u0161la na sv\u011bt, ten sv\u011bt se mi zhroutil. S t\u00edm mal\u00fdm velk\u00fdm miminkem jsme se n\u011bjak nedok\u00e1zali dohodnout, kdy a jak&#8230; N\u00e1sledkem komplikovan\u00e9ho porodu byla obrna prav\u00e9 ruky. Jak\u00e9 ne\u0161t\u011bst\u00ed pro n\u011bkoho, kdo v cel\u00e9m \u0161irok\u00e9m okol\u00ed neznal nikoho s vrozenou vadou! Nev\u011bd\u011bla jsem ani, co to je [&hellip;]<\/p>\n","protected":false},"author":1,"featured_media":0,"parent":0,"menu_order":0,"comment_status":"closed","ping_status":"closed","template":"","meta":[],"_links":{"self":[{"href":"https:\/\/www.rolfterapielitvinov.cz\/index.php\/wp-json\/wp\/v2\/pages\/16"}],"collection":[{"href":"https:\/\/www.rolfterapielitvinov.cz\/index.php\/wp-json\/wp\/v2\/pages"}],"about":[{"href":"https:\/\/www.rolfterapielitvinov.cz\/index.php\/wp-json\/wp\/v2\/types\/page"}],"author":[{"embeddable":true,"href":"https:\/\/www.rolfterapielitvinov.cz\/index.php\/wp-json\/wp\/v2\/users\/1"}],"replies":[{"embeddable":true,"href":"https:\/\/www.rolfterapielitvinov.cz\/index.php\/wp-json\/wp\/v2\/comments?post=16"}],"version-history":[{"count":10,"href":"https:\/\/www.rolfterapielitvinov.cz\/index.php\/wp-json\/wp\/v2\/pages\/16\/revisions"}],"predecessor-version":[{"id":190,"href":"https:\/\/www.rolfterapielitvinov.cz\/index.php\/wp-json\/wp\/v2\/pages\/16\/revisions\/190"}],"wp:attachment":[{"href":"https:\/\/www.rolfterapielitvinov.cz\/index.php\/wp-json\/wp\/v2\/media?parent=16"}],"curies":[{"name":"wp","href":"https:\/\/api.w.org\/{rel}","templated":true}]}}