{"id":15,"date":"2021-03-20T08:45:42","date_gmt":"2021-03-20T07:45:42","guid":{"rendered":"https:\/\/www.rolfterapielitvinov.cz\/?page_id=15"},"modified":"2025-09-24T09:29:23","modified_gmt":"2025-09-24T07:29:23","slug":"cenik","status":"publish","type":"page","link":"https:\/\/www.rolfterapielitvinov.cz\/index.php\/cenik\/","title":{"rendered":"Cen\u00edk"},"content":{"rendered":"\n<p>Struktur\u00e1ln\u00ed integrace&#8230;&#8230;&#8230;&#8230;&#8230;&#8230;&#8230;&#8230;&#8230;&#8230;&#8230;&#8230;&#8230;&#8230;&#8230;.1500 K\u010d \/1000 d\u00edt\u011b do 15 let\/ 500 K\u010d d\u00edt\u011b do 10 let<\/p>\n\n\n\n<p>Kraniosakr\u00e1ln\u00ed osteopatie\/terapie&#8230;&#8230;&#8230;&#8230;&#8230;&#8230;&#8230;..1000 K\u010d \/500 d\u00edt\u011b do 10 let<\/p>\n\n\n\n<p>Jizvy&#8230;&#8230;&#8230;&#8230;&#8230;&#8230;&#8230;&#8230;&#8230;&#8230;&#8230;&#8230;&#8230;&#8230;&#8230;&#8230;&#8230;&#8230;&#8230;&#8230;&#8230;&#8230;&#8230;&#8230;&#8230;&#8230;&#8230;1000 K\u010d \/500 d\u00edt\u011b do 10 let<\/p>\n\n\n\n<p>Celkov\u00e9 o\u0161et\u0159en\u00ed nervov\u00e9ho syst\u00e9mu&#8230;&#8230;&#8230;&#8230;&#8230;.2000 K\u010d zav\u00e1d\u011bc\u00ed cena do 31.3.2026   (od 1.4.2026 cena 3000 K\u010d)<\/p>\n\n\n\n<p>                                                                                    <\/p>\n\n\n\n<p><\/p>\n\n\n\n<p>Od 1.9.2025 doch\u00e1z\u00ed k \u00faprav\u011b cen\u00edku. Zm\u011bna se vztahuje na Struktur\u00e1ln\u00ed integraci, kter\u00e1 od z\u00e1\u0159\u00ed bude ve v\u00fd\u0161i 1500 K\u010d. D\u011bkuji za pochopen\u00ed. <\/p>\n","protected":false},"excerpt":{"rendered":"<p>Struktur\u00e1ln\u00ed integrace&#8230;&#8230;&#8230;&#8230;&#8230;&#8230;&#8230;&#8230;&#8230;&#8230;&#8230;&#8230;&#8230;&#8230;&#8230;.1500 K\u010d \/1000 d\u00edt\u011b do 15 let\/ 500 K\u010d d\u00edt\u011b do 10 let Kraniosakr\u00e1ln\u00ed osteopatie\/terapie&#8230;&#8230;&#8230;&#8230;&#8230;&#8230;&#8230;..1000 K\u010d \/500 d\u00edt\u011b do 10 let Jizvy&#8230;&#8230;&#8230;&#8230;&#8230;&#8230;&#8230;&#8230;&#8230;&#8230;&#8230;&#8230;&#8230;&#8230;&#8230;&#8230;&#8230;&#8230;&#8230;&#8230;&#8230;&#8230;&#8230;&#8230;&#8230;&#8230;&#8230;1000 K\u010d \/500 d\u00edt\u011b do 10 let Celkov\u00e9 o\u0161et\u0159en\u00ed nervov\u00e9ho syst\u00e9mu&#8230;&#8230;&#8230;&#8230;&#8230;.2000 K\u010d zav\u00e1d\u011bc\u00ed cena do 31.3.2026 (od 1.4.2026 cena 3000 K\u010d) Od 1.9.2025 doch\u00e1z\u00ed k \u00faprav\u011b cen\u00edku. Zm\u011bna se vztahuje na Struktur\u00e1ln\u00ed integraci, [&hellip;]<\/p>\n","protected":false},"author":1,"featured_media":0,"parent":0,"menu_order":0,"comment_status":"closed","ping_status":"closed","template":"","meta":[],"_links":{"self":[{"href":"https:\/\/www.rolfterapielitvinov.cz\/index.php\/wp-json\/wp\/v2\/pages\/15"}],"collection":[{"href":"https:\/\/www.rolfterapielitvinov.cz\/index.php\/wp-json\/wp\/v2\/pages"}],"about":[{"href":"https:\/\/www.rolfterapielitvinov.cz\/index.php\/wp-json\/wp\/v2\/types\/page"}],"author":[{"embeddable":true,"href":"https:\/\/www.rolfterapielitvinov.cz\/index.php\/wp-json\/wp\/v2\/users\/1"}],"replies":[{"embeddable":true,"href":"https:\/\/www.rolfterapielitvinov.cz\/index.php\/wp-json\/wp\/v2\/comments?post=15"}],"version-history":[{"count":11,"href":"https:\/\/www.rolfterapielitvinov.cz\/index.php\/wp-json\/wp\/v2\/pages\/15\/revisions"}],"predecessor-version":[{"id":185,"href":"https:\/\/www.rolfterapielitvinov.cz\/index.php\/wp-json\/wp\/v2\/pages\/15\/revisions\/185"}],"wp:attachment":[{"href":"https:\/\/www.rolfterapielitvinov.cz\/index.php\/wp-json\/wp\/v2\/media?parent=15"}],"curies":[{"name":"wp","href":"https:\/\/api.w.org\/{rel}","templated":true}]}}