{"id":14,"date":"2021-03-20T08:45:42","date_gmt":"2021-03-20T07:45:42","guid":{"rendered":"https:\/\/www.rolfterapielitvinov.cz\/?page_id=14"},"modified":"2025-09-24T09:38:24","modified_gmt":"2025-09-24T07:38:24","slug":"sluzby","status":"publish","type":"page","link":"https:\/\/www.rolfterapielitvinov.cz\/index.php\/sluzby\/","title":{"rendered":"Slu\u017eby"},"content":{"rendered":"\t\t<div data-elementor-type=\"wp-page\" data-elementor-id=\"14\" class=\"elementor elementor-14\" data-elementor-settings=\"[]\">\n\t\t\t\t\t\t<div class=\"elementor-inner\">\n\t\t\t\t\t\t\t<div class=\"elementor-section-wrap\">\n\t\t\t\t\t\t\t<section class=\"elementor-section elementor-top-section elementor-element elementor-element-1a4e1305 elementor-section-boxed elementor-section-height-default elementor-section-height-default\" data-id=\"1a4e1305\" data-element_type=\"section\">\n\t\t\t\t\t\t<div class=\"elementor-container elementor-column-gap-default\">\n\t\t\t\t\t\t\t<div class=\"elementor-row\">\n\t\t\t\t\t<div class=\"elementor-column elementor-col-100 elementor-top-column elementor-element elementor-element-622207dc\" data-id=\"622207dc\" data-element_type=\"column\">\n\t\t\t<div class=\"elementor-column-wrap elementor-element-populated\">\n\t\t\t\t\t\t\t<div class=\"elementor-widget-wrap\">\n\t\t\t\t\t\t<div class=\"elementor-element elementor-element-63d6426a elementor-widget elementor-widget-text-editor\" data-id=\"63d6426a\" data-element_type=\"widget\" data-widget_type=\"text-editor.default\">\n\t\t\t\t<div class=\"elementor-widget-container\">\n\t\t\t\t\t<div class=\"elementor-text-editor elementor-clearfix\"><p><!-- wp:heading --><\/p>\n<h2>Struktur\u00e1ln\u00ed integrace\/Rolfterapie<\/h2>\n<p><!-- \/wp:heading --><\/p>\n<p><!-- wp:paragraph {\"align\":\"left\"} --><\/p>\n<p class=\"has-text-align-left\">Tato metoda, zalo\u017een\u00e1 Dr. Idou P. Rolf ve 20. st. v USA, vyu\u017e\u00edv\u00e1 poznatku, \u017ee v na\u0161em t\u011ble existuj\u00ed fascie. Jsou to blanky, vl\u00e1kna. Jsou v\u0161ude. V nejhlub\u0161\u00ed \u00farovni na\u0161eho t\u011bla, na org\u00e1nech i kostech, na povrchu pod k\u016f\u017e\u00ed, v\u0161echny vz\u00e1jemn\u011b propojen\u00e9 a komunikuj\u00edc\u00ed. Jejich \u00fakolem je hladk\u00fd a plynul\u00fd pohyb v\u0161ech m\u011bkk\u00fdch tk\u00e1n\u00ed a t\u00edm p\u00e1dem cel\u00e9ho pohybov\u00e9ho apar\u00e1tu.<\/p>\n<p><!-- \/wp:paragraph --><\/p>\n<p><!-- wp:paragraph {\"align\":\"left\"} --><\/p>\n<p class=\"has-text-align-left\">Na\u0161e civilizace se m\u00e1lo pohybuje. Hodn\u011b sed\u00edme. Nebo t\u011b\u017ece pracujeme a p\u0159i t\u00e9to pr\u00e1ci se stereotypn\u011b pohybujeme. Fascie se n\u00e1m &#8222;slep\u00ed&#8220;, vyschnou a u\u017e se nem\u016f\u017eou tak snadno pohybovat. Na to mus\u00ed zareagovat cel\u00e1 fasci\u00e1ln\u00ed s\u00ed\u0165 na\u0161eho t\u011bla. Bolest je u\u017e jen z\u00e1v\u011bre\u010dnou f\u00e1z\u00ed tohoto procesu.<\/p>\n<p><!-- \/wp:paragraph --><\/p>\n<p><!-- wp:paragraph {\"align\":\"left\"} --><\/p>\n<p class=\"has-text-align-left\">M\u011bkk\u00e9 tk\u00e1n\u011b tvaruj\u00ed na\u0161e t\u011bla. To, jak se nau\u010d\u00edme pohybovat od \u00fatl\u00e9ho d\u011btstv\u00ed, ur\u010duje, jak bude na\u0161e t\u011blo vypadat.<\/p>\n<p><!-- \/wp:paragraph --><\/p>\n<p><!-- wp:paragraph {\"align\":\"left\"} --><\/p>\n<p class=\"has-text-align-left\">Rolfterapie v deseti po sob\u011b jdouc\u00edch sezen\u00edch o\u0161et\u0159\u00ed Va\u0161e t\u011blo od A do Z. Narovn\u00e1 zkroucen\u00e9, srovn\u00e1 pok\u0159iven\u00e9, pom\u016f\u017ee Va\u0161emu t\u011blu l\u00e9pe se vyrovnat s gravitac\u00ed (= budete se c\u00edtit leh\u010d\u00ed, ladn\u011bj\u0161\u00ed, pohybliv\u011bj\u0161\u00ed).<\/p>\n<p><!-- \/wp:paragraph --><\/p>\n<p><!-- wp:paragraph {\"align\":\"left\"} --><\/p>\n<p class=\"has-text-align-left\">Ka\u017ed\u00e9 sezen\u00ed m\u00e1 sv\u016fj \u0159\u00e1d a trv\u00e1 pr\u016fm\u011brn\u011b 1,5 hod. K dosa\u017een\u00ed efektu je nezbytn\u00e9 absolvovat v\u0161ech deset o\u0161et\u0159en\u00ed.<\/p>\n<p><!-- \/wp:paragraph --><\/p>\n<p><!-- wp:paragraph --><\/p>\n<p>Pro o\u0161et\u0159en\u00ed je nezbytn\u00e9 se svl\u00e9knout do spodn\u00edho pr\u00e1dla.<\/p>\n<p><!-- \/wp:paragraph --><\/p>\n<p><!-- wp:paragraph {\"align\":\"left\"} --><\/p>\n<p class=\"has-text-align-left\">Vhodn\u00e9 po \u00farazu, porodu, p\u0159i dlouhodob\u00fdch probl\u00e9mech pohybov\u00e9ho apar\u00e1tu.<\/p>\n<p><!-- \/wp:paragraph --><\/p>\n<p><!-- wp:paragraph --><\/p>\n<p>M\u00e1m absolvovan\u00fd z\u00e1kladn\u00ed dvoulet\u00fd v\u00fdcvik pod veden\u00edm Ale\u0161e Urbanczika, garanci zaji\u0161\u0165uje \u010cesk\u00e1 asociace struktur\u00e1ln\u00ed integrace <a href=\"https:\/\/www.casi-rolfterapie.cz\/cs\/\" target=\"_blank\" rel=\"noreferrer noopener\" data-type=\"URL\" data-id=\"https:\/\/www.casi-rolfterapie.cz\/cs\/\">https:\/\/www.casi-rolfterapie.cz\/cs\/<\/a><\/p>\n<p><!-- \/wp:paragraph --><\/p>\n<p><!-- wp:image {\"id\":101,\"width\":367,\"height\":206,\"sizeSlug\":\"large\",\"linkDestination\":\"none\"} --><\/p>\n<figure class=\"wp-block-image size-large is-resized\"><img loading=\"lazy\" class=\"wp-image-101\" src=\"https:\/\/www.rolfterapielitvinov.cz\/wp-content\/uploads\/2021\/03\/anatomy-6081933_1920.jpg\" alt=\"\" width=\"367\" height=\"206\"><\/figure>\n<p><!-- \/wp:image --><\/p>\n<p><!-- wp:heading --><\/p>\n<h2>Kraniosakr\u00e1ln\u00ed osteopatie<\/h2>\n<p><!-- \/wp:heading --><\/p>\n<p><!-- wp:paragraph {\"align\":\"left\"} --><\/p>\n<p class=\"has-text-align-left\">Metoda vych\u00e1zej\u00edc\u00ed z poznatk\u016f Dr. Stills, Dr. Sutherland, Dr. Upledger je dnes nejzn\u00e1m\u011bjs\u00ed z osteopatick\u00fdch metod. M\u00e1 \u0161irok\u00e9 uplatn\u011bn\u00ed p\u0159i r\u016fznorod\u00fdch pot\u00ed\u017e\u00edch. Osteopatick\u00fd, ale i biodynamick\u00fd zp\u016fsob pr\u00e1ce je natolik prostupuj\u00edc\u00ed cel\u00fdm syst\u00e9mem \u010dlov\u011bka, \u017ee jej lze jen st\u011b\u017e\u00ed stru\u010dn\u011b charakterizovat.<\/p>\n<p><!-- \/wp:paragraph --><\/p>\n<p><!-- wp:paragraph {\"align\":\"left\"} --><\/p>\n<p class=\"has-text-align-left\">Z osteopatick\u00e9ho pohledu se jedn\u00e1 o o\u0161et\u0159en\u00ed kraniosakr\u00e1ln\u00edho syst\u00e9mu, kter\u00fd je tvo\u0159en lebkou (kranio), k\u0159\u00ed\u017eovou kost\u00ed (sakrum) a p\u00e1te\u0159\u00ed, kter\u00e1 oboj\u00ed propojuje. Jednotliv\u00e9 lebe\u010dn\u00ed kosti jsou schopn\u00e9 drobn\u00fdch pohyb\u016f. Stejn\u011b tak k\u0159\u00ed\u017eov\u00e1 kost a v\u0161echny obratle. Spolu tvo\u0159\u00ed jeden propojen\u00fd syst\u00e9m, kde po\u0161kozen\u00ed jedn\u00e9 \u010d\u00e1sti nutn\u011b mus\u00ed ovlivnit i jin\u00e9 \u010d\u00e1sti. Proto nap\u0159\u00edklad n\u00e1sledkem nara\u017een\u00e9 kostr\u010de je mo\u017en\u00e9 po letech trp\u011bt bolestmi v kr\u010dn\u00ed p\u00e1te\u0159i. Um\u00edte-li si p\u0159edstavit, \u017ee ka\u017ed\u00e1 kost m\u00e1 za sv\u00e9ho nejt\u011bsn\u011bj\u0161\u00edho souseda m\u011bkkou tk\u00e1\u0148, pak jist\u011b p\u0159ipust\u00edte, \u017ee i minim\u00e1ln\u00ed pohyb kosti &#8222;zatah\u00e1&#8220; na ur\u010dit\u00e9m m\u00edst\u011b m\u011bkkou tk\u00e1\u0148. Sta\u010d\u00ed milimetr a vztahy v m\u011bkk\u00e9 tk\u00e1ni jsou zm\u011bn\u011bn\u00e9.<\/p>\n<p><!-- \/wp:paragraph --><\/p>\n<p><!-- wp:image {\"id\":103,\"width\":408,\"height\":272,\"sizeSlug\":\"large\",\"linkDestination\":\"none\"} --><\/p>\n<figure class=\"wp-block-image size-large is-resized\"><img loading=\"lazy\" class=\"wp-image-103\" src=\"https:\/\/www.rolfterapielitvinov.cz\/wp-content\/uploads\/2021\/03\/wave-4833997_1920.jpg\" alt=\"\" width=\"408\" height=\"272\"><\/figure>\n<p><!-- \/wp:image --><\/p>\n<p><!-- wp:paragraph {\"align\":\"left\"} --><\/p>\n<p class=\"has-text-align-left\">Z biodynamick\u00e9ho hlediska lze vyu\u017e\u00edt p\u0159i o\u0161et\u0159en\u00ed tzv. projevy \u017eivota cel\u00e9ho syst\u00e9mu (syst\u00e9m je Va\u0161e fyzick\u00e9 t\u011blo, frekvence, energetick\u00e9 pole ad). Nezanedbatelnou slo\u017ekou je skute\u010dnost, \u017ee t\u011blo je schopno samouzdravovac\u00edch proces\u016f. My to t\u011blu zpravidla nedovol\u00edme, ale terapeut um\u00ed nastavit podm\u00ednky, ve kter\u00fdch si t\u011blo dok\u00e1\u017ee opravit to, co zrovna pot\u0159ebuje. Projevy \u017eivota si m\u016f\u017eete p\u0159edstavit jako oce\u00e1n. Na hladin\u011b jsou jasn\u011b viditeln\u00e9, sly\u0161iteln\u00e9 vlny, kter\u00e9 jsou sv\u00fdm projevem tak siln\u00e9, \u017ee V\u00e1s poraz\u00ed nebo posunou na jin\u00e9 m\u00edsto. Pod t\u00edmto povrchem se n\u011bkde v hloubce nach\u00e1z\u00ed oblast, kde o vln\u00e1ch naho\u0159e nic nev\u00edte, ale kde vn\u00edm\u00e1te jin\u00e9 proudy s jin\u00fdmi vlastnostmi. A v nejv\u011bt\u0161\u00ed hloubce je klid. I kdy\u017e na hladin\u011b je bou\u0159e, dole o n\u00ed nev\u00edte. Dole jsou jin\u00e9 s\u00edly, s jin\u00fdmi projevy, s naprosto odli\u0161nou dynamikou. P\u0159edstavte si sv\u00e9 t\u011blo jako oce\u00e1n. Vlny jsou Va\u0161e chov\u00e1n\u00ed, \u0159e\u010d; prostor hloub\u011bji pod hladinou jsou chv\u00edle, kdy jste nap\u0159. o samot\u011b a jen tak si bloum\u00e1te. Hlubok\u00fd klid V\u00e1m pom\u016f\u017ee naj\u00edt kraniosakr\u00e1ln\u00ed biodynamika.<\/p>\n<p><!-- \/wp:paragraph --><\/p>\n<p><!-- wp:paragraph --><\/p>\n<p>Vhodn\u00e9 pro ka\u017ed\u00e9ho, pro ka\u017edou v\u011bkovou skupinu, pro v\u011bt\u0161inu pot\u00ed\u017e\u00ed. Prov\u00e1d\u00ed se na l\u016f\u017eku, klient z\u016fst\u00e1v\u00e1 oble\u010den\u00fd.<\/p>\n<p><!-- \/wp:paragraph --><\/p>\n<p><!-- wp:paragraph --><\/p>\n<p>M\u00e1m absolvovan\u00fd ro\u010dn\u00ed v\u00fdcvik pod veden\u00edm Radka Ne\u0161krabala, garanci zaji\u0161\u0165uje \u010cesk\u00e1 kraniosakr\u00e1ln\u00ed asociace <a href=\"https:\/\/www.kranio.eu\/\" target=\"_blank\" rel=\"noreferrer noopener\" data-type=\"URL\" data-id=\"https:\/\/www.kranio.eu\/\">https:\/\/www.kranio.eu\/<\/a><\/p>\n<p><!-- \/wp:paragraph --><\/p>\n<p><!-- wp:image {\"id\":102,\"width\":399,\"height\":266,\"sizeSlug\":\"large\",\"linkDestination\":\"none\"} --><\/p>\n<figure class=\"wp-block-image size-large is-resized\"><img loading=\"lazy\" class=\"wp-image-102\" src=\"https:\/\/www.rolfterapielitvinov.cz\/wp-content\/uploads\/2021\/03\/ocean-1845110_1920.jpg\" alt=\"\" width=\"399\" height=\"266\"><\/figure>\n<p><!-- \/wp:image --><\/p>\n<p><!-- wp:paragraph --><\/p>\n<p><!-- \/wp:paragraph --><\/p>\n<p><!-- wp:heading --><\/p>\n<h2>D\u016fle\u017eit\u00e9<\/h2>\n<p><!-- \/wp:heading --><\/p>\n<p><!-- wp:paragraph --><\/p>\n<p><b><u>Ka\u017ed\u00e1 terapie je maxim\u00e1ln\u011b \u00fa\u010dinn\u00e1, pokud se k n\u00ed rozhodnete SAMI. <\/u><\/b><\/p>\n<p>Od ukon\u010den\u00ed v\u00fdcviku se pravideln\u011b \u00fa\u010dastn\u00edm supervizn\u00edch setk\u00e1n\u00ed a v\u011bnuji se pokro\u010dil\u00fdm technik\u00e1m se sv\u00fdmi u\u010diteli.<!-- \/wp:paragraph --><\/p><\/div>\n\t\t\t\t<\/div>\n\t\t\t\t<\/div>\n\t\t\t\t\t\t<\/div>\n\t\t\t\t\t<\/div>\n\t\t<\/div>\n\t\t\t\t\t\t\t\t<\/div>\n\t\t\t\t\t<\/div>\n\t\t<\/section>\n\t\t\t\t\t\t<\/div>\n\t\t\t\t\t\t<\/div>\n\t\t\t\t\t<\/div>\n\t\t","protected":false},"excerpt":{"rendered":"<p>Struktur\u00e1ln\u00ed integrace\/Rolfterapie Tato metoda, zalo\u017een\u00e1 Dr. Idou P. Rolf ve 20. st. v USA, vyu\u017e\u00edv\u00e1 poznatku, \u017ee v na\u0161em t\u011ble existuj\u00ed fascie. Jsou to blanky, vl\u00e1kna. Jsou v\u0161ude. V nejhlub\u0161\u00ed \u00farovni na\u0161eho t\u011bla, na org\u00e1nech i kostech, na povrchu pod k\u016f\u017e\u00ed, v\u0161echny vz\u00e1jemn\u011b propojen\u00e9 a komunikuj\u00edc\u00ed. Jejich \u00fakolem je hladk\u00fd a plynul\u00fd pohyb v\u0161ech m\u011bkk\u00fdch [&hellip;]<\/p>\n","protected":false},"author":1,"featured_media":0,"parent":0,"menu_order":0,"comment_status":"closed","ping_status":"closed","template":"","meta":[],"_links":{"self":[{"href":"https:\/\/www.rolfterapielitvinov.cz\/index.php\/wp-json\/wp\/v2\/pages\/14"}],"collection":[{"href":"https:\/\/www.rolfterapielitvinov.cz\/index.php\/wp-json\/wp\/v2\/pages"}],"about":[{"href":"https:\/\/www.rolfterapielitvinov.cz\/index.php\/wp-json\/wp\/v2\/types\/page"}],"author":[{"embeddable":true,"href":"https:\/\/www.rolfterapielitvinov.cz\/index.php\/wp-json\/wp\/v2\/users\/1"}],"replies":[{"embeddable":true,"href":"https:\/\/www.rolfterapielitvinov.cz\/index.php\/wp-json\/wp\/v2\/comments?post=14"}],"version-history":[{"count":12,"href":"https:\/\/www.rolfterapielitvinov.cz\/index.php\/wp-json\/wp\/v2\/pages\/14\/revisions"}],"predecessor-version":[{"id":187,"href":"https:\/\/www.rolfterapielitvinov.cz\/index.php\/wp-json\/wp\/v2\/pages\/14\/revisions\/187"}],"wp:attachment":[{"href":"https:\/\/www.rolfterapielitvinov.cz\/index.php\/wp-json\/wp\/v2\/media?parent=14"}],"curies":[{"name":"wp","href":"https:\/\/api.w.org\/{rel}","templated":true}]}}